{"id":2706,"date":"2022-07-06T18:01:23","date_gmt":"2022-07-06T16:01:23","guid":{"rendered":"https:\/\/new.sthetica.pl\/?page_id=2706"},"modified":"2025-10-16T17:57:14","modified_gmt":"2025-10-16T15:57:14","slug":"face-lifting","status":"publish","type":"page","link":"https:\/\/sthetica.pl\/en\/zabiegi\/chirurgia-plastyczna\/face-lifting\/","title":{"rendered":"Face lifting"},"content":{"rendered":"","protected":false},"excerpt":{"rendered":"","protected":false},"author":1,"featured_media":4991,"parent":1974,"menu_order":0,"comment_status":"closed","ping_status":"closed","template":"","meta":{"footnotes":""},"class_list":["post-2706","page","type-page","status-publish","has-post-thumbnail","hentry"],"yoast_head":"<!-- This site is optimized with the Yoast SEO plugin v26.5 - https:\/\/yoast.com\/wordpress\/plugins\/seo\/ -->\n<title>Sthetica - Face lifting Odm\u0142adzanie Twarzy w Klinice Medycyny Estetycznej<\/title>\n<meta name=\"description\" content=\"Poznaj skuteczny face lifting bez skalpela. Odm\u0142od\u017a rysy twarzy, popraw j\u0119drno\u015b\u0107 sk\u00f3ry i odzyskaj m\u0142ody wygl\u0105d w naszej klinice medycyny estetycznej.\" \/>\n<meta name=\"robots\" content=\"index, follow, max-snippet:-1, max-image-preview:large, max-video-preview:-1\" \/>\n<link rel=\"canonical\" href=\"https:\/\/sthetica.pl\/en\/zabiegi\/chirurgia-plastyczna\/face-lifting\/\" \/>\n<meta property=\"og:locale\" content=\"en_GB\" \/>\n<meta property=\"og:type\" content=\"article\" \/>\n<meta property=\"og:title\" content=\"Sthetica - Face lifting Odm\u0142adzanie Twarzy w Klinice Medycyny Estetycznej\" \/>\n<meta property=\"og:description\" content=\"Poznaj skuteczny face lifting bez skalpela. Odm\u0142od\u017a rysy twarzy, popraw j\u0119drno\u015b\u0107 sk\u00f3ry i odzyskaj m\u0142ody wygl\u0105d w naszej klinice medycyny estetycznej.\" \/>\n<meta property=\"og:url\" content=\"https:\/\/sthetica.pl\/en\/zabiegi\/chirurgia-plastyczna\/face-lifting\/\" \/>\n<meta property=\"og:site_name\" content=\"Sthetica\" \/>\n<meta property=\"article:publisher\" content=\"https:\/\/www.facebook.com\/sthetica\" \/>\n<meta property=\"article:modified_time\" content=\"2025-10-16T15:57:14+00:00\" \/>\n<meta property=\"og:image\" content=\"https:\/\/sthetica.pl\/wp-content\/uploads\/2022\/08\/sculptra_bq.jpg\" \/>\n\t<meta property=\"og:image:width\" content=\"1200\" \/>\n\t<meta property=\"og:image:height\" content=\"500\" \/>\n\t<meta property=\"og:image:type\" content=\"image\/jpeg\" \/>\n<meta name=\"twitter:card\" content=\"summary_large_image\" \/>\n<meta name=\"twitter:label1\" content=\"Estimated reading time\" \/>\n\t<meta name=\"twitter:data1\" content=\"5 minutes\" \/>\n<script type=\"application\/ld+json\" class=\"yoast-schema-graph\">{\"@context\":\"https:\/\/schema.org\",\"@graph\":[{\"@type\":\"WebPage\",\"@id\":\"https:\/\/sthetica.pl\/zabiegi\/chirurgia-plastyczna\/face-lifting\/\",\"url\":\"https:\/\/sthetica.pl\/zabiegi\/chirurgia-plastyczna\/face-lifting\/\",\"name\":\"Sthetica - Face lifting Odm\u0142adzanie Twarzy w Klinice Medycyny Estetycznej\",\"isPartOf\":{\"@id\":\"https:\/\/sthetica.pl\/#website\"},\"primaryImageOfPage\":{\"@id\":\"https:\/\/sthetica.pl\/zabiegi\/chirurgia-plastyczna\/face-lifting\/#primaryimage\"},\"image\":{\"@id\":\"https:\/\/sthetica.pl\/zabiegi\/chirurgia-plastyczna\/face-lifting\/#primaryimage\"},\"thumbnailUrl\":\"https:\/\/sthetica.pl\/wp-content\/uploads\/2022\/08\/sculptra_bq.jpg\",\"datePublished\":\"2022-07-06T16:01:23+00:00\",\"dateModified\":\"2025-10-16T15:57:14+00:00\",\"description\":\"Poznaj skuteczny face lifting bez skalpela. Odm\u0142od\u017a rysy twarzy, popraw j\u0119drno\u015b\u0107 sk\u00f3ry i odzyskaj m\u0142ody wygl\u0105d w naszej klinice medycyny estetycznej.\",\"breadcrumb\":{\"@id\":\"https:\/\/sthetica.pl\/zabiegi\/chirurgia-plastyczna\/face-lifting\/#breadcrumb\"},\"inLanguage\":\"en-GB\",\"potentialAction\":[{\"@type\":\"ReadAction\",\"target\":[\"https:\/\/sthetica.pl\/zabiegi\/chirurgia-plastyczna\/face-lifting\/\"]}]},{\"@type\":\"ImageObject\",\"inLanguage\":\"en-GB\",\"@id\":\"https:\/\/sthetica.pl\/zabiegi\/chirurgia-plastyczna\/face-lifting\/#primaryimage\",\"url\":\"https:\/\/sthetica.pl\/wp-content\/uploads\/2022\/08\/sculptra_bq.jpg\",\"contentUrl\":\"https:\/\/sthetica.pl\/wp-content\/uploads\/2022\/08\/sculptra_bq.jpg\",\"width\":1200,\"height\":500},{\"@type\":\"BreadcrumbList\",\"@id\":\"https:\/\/sthetica.pl\/zabiegi\/chirurgia-plastyczna\/face-lifting\/#breadcrumb\",\"itemListElement\":[{\"@type\":\"ListItem\",\"position\":1,\"name\":\"Strona g\u0142\u00f3wna\",\"item\":\"https:\/\/sthetica.pl\/\"},{\"@type\":\"ListItem\",\"position\":2,\"name\":\"Zabiegi\",\"item\":\"https:\/\/sthetica.pl\/zabiegi\/\"},{\"@type\":\"ListItem\",\"position\":3,\"name\":\"Chirurgia plastyczna\",\"item\":\"https:\/\/sthetica.pl\/zabiegi\/chirurgia-plastyczna\/\"},{\"@type\":\"ListItem\",\"position\":4,\"name\":\"Face lifting\"}]},{\"@type\":\"WebSite\",\"@id\":\"https:\/\/sthetica.pl\/#website\",\"url\":\"https:\/\/sthetica.pl\/\",\"name\":\"Sthetica- klinika medycyny estetycznej\",\"description\":\"klinika medycyny estetycznej\",\"publisher\":{\"@id\":\"https:\/\/sthetica.pl\/#organization\"},\"potentialAction\":[{\"@type\":\"SearchAction\",\"target\":{\"@type\":\"EntryPoint\",\"urlTemplate\":\"https:\/\/sthetica.pl\/?s={search_term_string}\"},\"query-input\":{\"@type\":\"PropertyValueSpecification\",\"valueRequired\":true,\"valueName\":\"search_term_string\"}}],\"inLanguage\":\"en-GB\"},{\"@type\":\"Organization\",\"@id\":\"https:\/\/sthetica.pl\/#organization\",\"name\":\"Sthetica- klinika medycyny estetycznej\",\"url\":\"https:\/\/sthetica.pl\/\",\"logo\":{\"@type\":\"ImageObject\",\"inLanguage\":\"en-GB\",\"@id\":\"https:\/\/sthetica.pl\/#\/schema\/logo\/image\/\",\"url\":\"https:\/\/sthetica.pl\/wp-content\/uploads\/2025\/10\/sthetica_logo_website.jpg\",\"contentUrl\":\"https:\/\/sthetica.pl\/wp-content\/uploads\/2025\/10\/sthetica_logo_website.jpg\",\"width\":103,\"height\":102,\"caption\":\"Sthetica- klinika medycyny estetycznej\"},\"image\":{\"@id\":\"https:\/\/sthetica.pl\/#\/schema\/logo\/image\/\"},\"sameAs\":[\"https:\/\/www.facebook.com\/sthetica\"]}]}<\/script>\n<!-- \/ Yoast SEO plugin. -->","yoast_head_json":{"title":"Sthetica - Face lifting Odm\u0142adzanie Twarzy w Klinice Medycyny Estetycznej","description":"Poznaj skuteczny face lifting bez skalpela. Odm\u0142od\u017a rysy twarzy, popraw j\u0119drno\u015b\u0107 sk\u00f3ry i odzyskaj m\u0142ody wygl\u0105d w naszej klinice medycyny estetycznej.","robots":{"index":"index","follow":"follow","max-snippet":"max-snippet:-1","max-image-preview":"max-image-preview:large","max-video-preview":"max-video-preview:-1"},"canonical":"https:\/\/sthetica.pl\/en\/zabiegi\/chirurgia-plastyczna\/face-lifting\/","og_locale":"en_GB","og_type":"article","og_title":"Sthetica - Face lifting Odm\u0142adzanie Twarzy w Klinice Medycyny Estetycznej","og_description":"Poznaj skuteczny face lifting bez skalpela. Odm\u0142od\u017a rysy twarzy, popraw j\u0119drno\u015b\u0107 sk\u00f3ry i odzyskaj m\u0142ody wygl\u0105d w naszej klinice medycyny estetycznej.","og_url":"https:\/\/sthetica.pl\/en\/zabiegi\/chirurgia-plastyczna\/face-lifting\/","og_site_name":"Sthetica","article_publisher":"https:\/\/www.facebook.com\/sthetica","article_modified_time":"2025-10-16T15:57:14+00:00","og_image":[{"width":1200,"height":500,"url":"https:\/\/sthetica.pl\/wp-content\/uploads\/2022\/08\/sculptra_bq.jpg","type":"image\/jpeg"}],"twitter_card":"summary_large_image","twitter_misc":{"Estimated reading time":"5 minutes"},"schema":{"@context":"https:\/\/schema.org","@graph":[{"@type":"WebPage","@id":"https:\/\/sthetica.pl\/zabiegi\/chirurgia-plastyczna\/face-lifting\/","url":"https:\/\/sthetica.pl\/zabiegi\/chirurgia-plastyczna\/face-lifting\/","name":"Sthetica - Face lifting Odm\u0142adzanie Twarzy w Klinice Medycyny Estetycznej","isPartOf":{"@id":"https:\/\/sthetica.pl\/#website"},"primaryImageOfPage":{"@id":"https:\/\/sthetica.pl\/zabiegi\/chirurgia-plastyczna\/face-lifting\/#primaryimage"},"image":{"@id":"https:\/\/sthetica.pl\/zabiegi\/chirurgia-plastyczna\/face-lifting\/#primaryimage"},"thumbnailUrl":"https:\/\/sthetica.pl\/wp-content\/uploads\/2022\/08\/sculptra_bq.jpg","datePublished":"2022-07-06T16:01:23+00:00","dateModified":"2025-10-16T15:57:14+00:00","description":"Poznaj skuteczny face lifting bez skalpela. Odm\u0142od\u017a rysy twarzy, popraw j\u0119drno\u015b\u0107 sk\u00f3ry i odzyskaj m\u0142ody wygl\u0105d w naszej klinice medycyny estetycznej.","breadcrumb":{"@id":"https:\/\/sthetica.pl\/zabiegi\/chirurgia-plastyczna\/face-lifting\/#breadcrumb"},"inLanguage":"en-GB","potentialAction":[{"@type":"ReadAction","target":["https:\/\/sthetica.pl\/zabiegi\/chirurgia-plastyczna\/face-lifting\/"]}]},{"@type":"ImageObject","inLanguage":"en-GB","@id":"https:\/\/sthetica.pl\/zabiegi\/chirurgia-plastyczna\/face-lifting\/#primaryimage","url":"https:\/\/sthetica.pl\/wp-content\/uploads\/2022\/08\/sculptra_bq.jpg","contentUrl":"https:\/\/sthetica.pl\/wp-content\/uploads\/2022\/08\/sculptra_bq.jpg","width":1200,"height":500},{"@type":"BreadcrumbList","@id":"https:\/\/sthetica.pl\/zabiegi\/chirurgia-plastyczna\/face-lifting\/#breadcrumb","itemListElement":[{"@type":"ListItem","position":1,"name":"Strona g\u0142\u00f3wna","item":"https:\/\/sthetica.pl\/"},{"@type":"ListItem","position":2,"name":"Zabiegi","item":"https:\/\/sthetica.pl\/zabiegi\/"},{"@type":"ListItem","position":3,"name":"Chirurgia plastyczna","item":"https:\/\/sthetica.pl\/zabiegi\/chirurgia-plastyczna\/"},{"@type":"ListItem","position":4,"name":"Face lifting"}]},{"@type":"WebSite","@id":"https:\/\/sthetica.pl\/#website","url":"https:\/\/sthetica.pl\/","name":"Sthetica- klinika medycyny estetycznej","description":"klinika medycyny estetycznej","publisher":{"@id":"https:\/\/sthetica.pl\/#organization"},"potentialAction":[{"@type":"SearchAction","target":{"@type":"EntryPoint","urlTemplate":"https:\/\/sthetica.pl\/?s={search_term_string}"},"query-input":{"@type":"PropertyValueSpecification","valueRequired":true,"valueName":"search_term_string"}}],"inLanguage":"en-GB"},{"@type":"Organization","@id":"https:\/\/sthetica.pl\/#organization","name":"Sthetica- klinika medycyny estetycznej","url":"https:\/\/sthetica.pl\/","logo":{"@type":"ImageObject","inLanguage":"en-GB","@id":"https:\/\/sthetica.pl\/#\/schema\/logo\/image\/","url":"https:\/\/sthetica.pl\/wp-content\/uploads\/2025\/10\/sthetica_logo_website.jpg","contentUrl":"https:\/\/sthetica.pl\/wp-content\/uploads\/2025\/10\/sthetica_logo_website.jpg","width":103,"height":102,"caption":"Sthetica- klinika medycyny estetycznej"},"image":{"@id":"https:\/\/sthetica.pl\/#\/schema\/logo\/image\/"},"sameAs":["https:\/\/www.facebook.com\/sthetica"]}]}},"_links":{"self":[{"href":"https:\/\/sthetica.pl\/en\/wp-json\/wp\/v2\/pages\/2706","targetHints":{"allow":["GET"]}}],"collection":[{"href":"https:\/\/sthetica.pl\/en\/wp-json\/wp\/v2\/pages"}],"about":[{"href":"https:\/\/sthetica.pl\/en\/wp-json\/wp\/v2\/types\/page"}],"author":[{"embeddable":true,"href":"https:\/\/sthetica.pl\/en\/wp-json\/wp\/v2\/users\/1"}],"replies":[{"embeddable":true,"href":"https:\/\/sthetica.pl\/en\/wp-json\/wp\/v2\/comments?post=2706"}],"version-history":[{"count":5,"href":"https:\/\/sthetica.pl\/en\/wp-json\/wp\/v2\/pages\/2706\/revisions"}],"predecessor-version":[{"id":5731,"href":"https:\/\/sthetica.pl\/en\/wp-json\/wp\/v2\/pages\/2706\/revisions\/5731"}],"up":[{"embeddable":true,"href":"https:\/\/sthetica.pl\/en\/wp-json\/wp\/v2\/pages\/1974"}],"wp:featuredmedia":[{"embeddable":true,"href":"https:\/\/sthetica.pl\/en\/wp-json\/wp\/v2\/media\/4991"}],"wp:attachment":[{"href":"https:\/\/sthetica.pl\/en\/wp-json\/wp\/v2\/media?parent=2706"}],"curies":[{"name":"wp","href":"https:\/\/api.w.org\/{rel}","templated":true}]}}